{"id":395,"date":"2023-06-06T18:41:22","date_gmt":"2023-06-06T17:41:22","guid":{"rendered":"https:\/\/parroquiadesantafe.es\/?page_id=395"},"modified":"2025-11-12T21:00:45","modified_gmt":"2025-11-12T20:00:45","slug":"iglesia-2","status":"publish","type":"page","link":"https:\/\/parroquiadesantafe.es\/?page_id=395","title":{"rendered":"Iglesia Parroquial"},"content":{"rendered":"\t\t<div data-elementor-type=\"wp-page\" data-elementor-id=\"395\" class=\"elementor elementor-395\" data-elementor-post-type=\"page\">\n\t\t\t\t\t\t<section class=\"elementor-section elementor-top-section elementor-element elementor-element-13ad43e elementor-section-boxed elementor-section-height-default elementor-section-height-default\" data-id=\"13ad43e\" data-element_type=\"section\" data-e-type=\"section\">\n\t\t\t\t\t\t<div class=\"elementor-container elementor-column-gap-default\">\n\t\t\t\t\t<div class=\"elementor-column elementor-col-50 elementor-top-column elementor-element elementor-element-0e3de76\" data-id=\"0e3de76\" data-element_type=\"column\" data-e-type=\"column\">\n\t\t\t<div class=\"elementor-widget-wrap elementor-element-populated\">\n\t\t\t\t\t\t<div class=\"elementor-element elementor-element-04d0bf1 elementor-widget elementor-widget-text-editor\" data-id=\"04d0bf1\" data-element_type=\"widget\" data-e-type=\"widget\" data-widget_type=\"text-editor.default\">\n\t\t\t\t<div class=\"elementor-widget-container\">\n\t\t\t\t\t\t\t\t\t<audio class=\"wp-audio-shortcode\" id=\"audio-395-1\" preload=\"none\" style=\"width: 100%;\" controls=\"controls\"><source type=\"audio\/mpeg\" src=\"https:\/\/parroquiadesantafe.es\/wp-content\/uploads\/2023\/06\/parroquia-estilo.mp3?_=1\" \/><a href=\"https:\/\/parroquiadesantafe.es\/wp-content\/uploads\/2023\/06\/parroquia-estilo.mp3\">https:\/\/parroquiadesantafe.es\/wp-content\/uploads\/2023\/06\/parroquia-estilo.mp3<\/a><\/audio>\n\nEst\u00e1 declarada Monumento Hist\u00f3rico Art\u00edstico de car\u00e1cter nacional.\n\n <p style=\"text-align: justify;\">\u00a0La IGLESIA PARROQUIAL de Nuestra Se\u00f1ora de la Encarnaci\u00f3n, fue construida en el siglo XVIII con estilo neocl\u00e1sico, en el mismo lugar que ocupaba el primitivo templo levantado por los Reyes Cat\u00f3licos y que fue destruido por un terremoto.<\/p>\n\n <p style=\"text-align: justify;\">Destaca la iglesia parroquial (1774), de estilo neocl\u00e1sico. Dise\u00f1ada por el arquitecto espa\u00f1ol Ventura Rodr\u00edguez y realizada por el disc\u00edpulo de \u00e9ste, Antonio Lois Monteagudo, Arquitecto de la Real Academia de San Fernando.<\/p>\n <p style=\"text-align: justify;\">Portada principal adintelada, con cuatro columnas d\u00f3ricas sobre plintos y entre ellos nichos con esculturas de Isabel y Fernando. En los extremos, correspondiendo a las naves laterales, ventanas adinteladas con entablamento peque\u00f1o y \u00f3culo superior. Entablamento y front\u00f3n triangular con escudo en el t\u00edmpano y gran figura de la Fe tras el v\u00e9rtice superior. Sobre los frontispicios arrancan pilastras, que dar\u00e1n la altura al basamento de las torres situadas sobre las naves extremas. Constan de un cuerpo separado del de campanas. Veleta y cruz de hierro.<\/p>\n <p style=\"text-align: justify;\">De estilo neocl\u00e1sico, la planta es de cruz latina inscrita, por lo que las naves laterales se prolongan un tramo m\u00e1s all\u00e1 del transepto.<\/p>\t\t\t\t\t\t\t\t<\/div>\n\t\t\t\t<\/div>\n\t\t\t\t\t<\/div>\n\t\t<\/div>\n\t\t\t\t<div class=\"elementor-column elementor-col-50 elementor-top-column elementor-element elementor-element-7b92891\" data-id=\"7b92891\" data-element_type=\"column\" data-e-type=\"column\">\n\t\t\t<div class=\"elementor-widget-wrap elementor-element-populated\">\n\t\t\t\t\t\t<div class=\"elementor-element elementor-element-1e545f3 elementor-widget elementor-widget-image\" data-id=\"1e545f3\" data-element_type=\"widget\" data-e-type=\"widget\" data-widget_type=\"image.default\">\n\t\t\t\t<div class=\"elementor-widget-container\">\n\t\t\t\t\t\t\t\t\t\t\t\t\t\t\t<img fetchpriority=\"high\" decoding=\"async\" width=\"662\" height=\"719\" src=\"https:\/\/parroquiadesantafe.es\/wp-content\/uploads\/2023\/06\/iglesia2.png\" class=\"attachment-large size-large wp-image-356\" alt=\"\" srcset=\"https:\/\/parroquiadesantafe.es\/wp-content\/uploads\/2023\/06\/iglesia2.png 662w, https:\/\/parroquiadesantafe.es\/wp-content\/uploads\/2023\/06\/iglesia2-276x300.png 276w\" sizes=\"(max-width: 662px) 100vw, 662px\" \/>\t\t\t\t\t\t\t\t\t\t\t\t\t\t\t<\/div>\n\t\t\t\t<\/div>\n\t\t\t\t\t<\/div>\n\t\t<\/div>\n\t\t\t\t\t<\/div>\n\t\t<\/section>\n\t\t\t\t<section class=\"elementor-section elementor-top-section elementor-element elementor-element-7c17b47 elementor-section-boxed elementor-section-height-default elementor-section-height-default\" data-id=\"7c17b47\" data-element_type=\"section\" data-e-type=\"section\">\n\t\t\t\t\t\t<div class=\"elementor-container elementor-column-gap-default\">\n\t\t\t\t\t<div class=\"elementor-column elementor-col-33 elementor-top-column elementor-element elementor-element-cbb1a51\" data-id=\"cbb1a51\" data-element_type=\"column\" data-e-type=\"column\">\n\t\t\t<div class=\"elementor-widget-wrap\">\n\t\t\t\t\t\t\t<\/div>\n\t\t<\/div>\n\t\t\t\t<div class=\"elementor-column elementor-col-33 elementor-top-column elementor-element elementor-element-bedd1f8\" data-id=\"bedd1f8\" data-element_type=\"column\" data-e-type=\"column\">\n\t\t\t<div class=\"elementor-widget-wrap elementor-element-populated\">\n\t\t\t\t\t\t<div class=\"elementor-element elementor-element-df933fd elementor-widget__width-initial elementor-widget elementor-widget-video\" data-id=\"df933fd\" data-element_type=\"widget\" data-e-type=\"widget\" data-settings=\"{&quot;video_type&quot;:&quot;hosted&quot;,&quot;controls&quot;:&quot;yes&quot;}\" data-widget_type=\"video.default\">\n\t\t\t\t<div class=\"elementor-widget-container\">\n\t\t\t\t\t\t\t<div class=\"e-hosted-video elementor-wrapper elementor-open-inline\">\n\t\t\t\t\t<video class=\"elementor-video\" src=\"https:\/\/parroquiadesantafe.es\/wp-content\/uploads\/2023\/06\/Iglesia-Parroquial-de-la-Encarnacion-de-Santa-Fe-Granada.mp4\" controls=\"\" preload=\"metadata\" controlsList=\"nodownload\" poster=\"https:\/\/parroquiadesantafe.es\/wp-content\/uploads\/2023\/06\/video.png\"><\/video>\n\t\t\t\t<\/div>\n\t\t\t\t\t\t<\/div>\n\t\t\t\t<\/div>\n\t\t\t\t\t<\/div>\n\t\t<\/div>\n\t\t\t\t<div class=\"elementor-column elementor-col-33 elementor-top-column elementor-element elementor-element-3511123\" data-id=\"3511123\" data-element_type=\"column\" data-e-type=\"column\">\n\t\t\t<div class=\"elementor-widget-wrap\">\n\t\t\t\t\t\t\t<\/div>\n\t\t<\/div>\n\t\t\t\t\t<\/div>\n\t\t<\/section>\n\t\t\t\t<section class=\"elementor-section elementor-top-section elementor-element elementor-element-7a25894 elementor-section-boxed elementor-section-height-default elementor-section-height-default\" data-id=\"7a25894\" data-element_type=\"section\" data-e-type=\"section\">\n\t\t\t\t\t\t<div class=\"elementor-container elementor-column-gap-default\">\n\t\t\t\t\t<div class=\"elementor-column elementor-col-100 elementor-top-column elementor-element elementor-element-ee4ac84\" data-id=\"ee4ac84\" data-element_type=\"column\" data-e-type=\"column\">\n\t\t\t<div class=\"elementor-widget-wrap elementor-element-populated\">\n\t\t\t\t\t\t<div class=\"elementor-element elementor-element-9b8300f elementor-widget elementor-widget-text-editor\" data-id=\"9b8300f\" data-element_type=\"widget\" data-e-type=\"widget\" data-widget_type=\"text-editor.default\">\n\t\t\t\t<div class=\"elementor-widget-container\">\n\t\t\t\t\t\t\t\t\t <p style=\"text-align: justify;\">La nave central se cubre con b\u00f3veda de ca\u00f1\u00f3n con arcos fajones, mientras que las laterales, m\u00e1s bajas, lo hacen con peque\u00f1as c\u00fapulas rebajadas; tambi\u00e9n ser\u00e1 rebajada la gran c\u00fapula con linterna que se sit\u00faa en el centro del crucero, con cupul\u00edn. Capilla mayor del mismo ancho de la nave central y con igual cubierta.<\/p>\n <p style=\"text-align: justify;\">Capilla del Sagrario, en la misma Iglesia, semicircular, con cuatro grandes columnas d\u00f3ricas adosadas elevadas sobre basamentos. Medios puntos entre ellos, mayor el central. Tabern\u00e1culo de planta poligonal con columnillas d\u00f3ricas que sostienen entablamento, sobre el que se eleva media naranja gallonada.\nEn la misma Plaza, al lado sur de la Iglesia, est\u00e1 la actual CASA RECTORAL, que nada conserva de su estructura original de cuando fue Casa Real de los Reyes Cat\u00f3licos.<\/p>\t\t\t\t\t\t\t\t<\/div>\n\t\t\t\t<\/div>\n\t\t\t\t\t<\/div>\n\t\t<\/div>\n\t\t\t\t\t<\/div>\n\t\t<\/section>\n\t\t\t\t<\/div>\n\t\t","protected":false},"excerpt":{"rendered":"<p>Est\u00e1 declarada Monumento Hist\u00f3rico Art\u00edstico de car\u00e1cter nacional. \u00a0La IGLESIA PARROQUIAL de Nuestra Se\u00f1ora de la Encarnaci\u00f3n, fue construida en el siglo XVIII con estilo neocl\u00e1sico, en el mismo lugar que ocupaba el primitivo templo levantado por los Reyes Cat\u00f3licos y que fue destruido por un terremoto. Destaca la iglesia parroquial (1774), de estilo neocl\u00e1sico. [&hellip;]<\/p>\n<div class=\"pvc_clear\"><\/div>\n<p id=\"pvc_stats_395\" class=\"pvc_stats total_only  \" data-element-id=\"395\" style=\"\"><i class=\"pvc-stats-icon small\" aria-hidden=\"true\"><svg xmlns=\"http:\/\/www.w3.org\/2000\/svg\" version=\"1.0\" viewBox=\"0 0 502 315\" preserveAspectRatio=\"xMidYMid meet\"><g transform=\"translate(0,332) scale(0.1,-0.1)\" fill=\"\" stroke=\"none\"><path d=\"M2394 3279 l-29 -30 -3 -207 c-2 -182 0 -211 15 -242 39 -76 157 -76 196 0 15 31 17 60 15 243 l-3 209 -33 29 c-26 23 -41 29 -80 29 -41 0 -53 -5 -78 -31z\"\/><path d=\"M3085 3251 c-45 -19 -58 -50 -96 -229 -47 -217 -49 -260 -13 -295 52 -53 146 -42 177 20 16 31 87 366 87 410 0 70 -86 122 -155 94z\"\/><path d=\"M1751 3234 c-13 -9 -29 -31 -37 -50 -12 -29 -10 -49 21 -204 19 -94 39 -189 45 -210 14 -50 54 -80 110 -80 34 0 48 6 76 34 21 21 34 44 34 59 0 14 -18 113 -40 219 -37 178 -43 195 -70 221 -36 32 -101 37 -139 11z\"\/><path d=\"M1163 3073 c-36 -7 -73 -59 -73 -102 0 -56 133 -378 171 -413 34 -32 83 -37 129 -13 70 36 67 87 -16 290 -86 209 -89 214 -129 231 -35 14 -42 15 -82 7z\"\/><path d=\"M3689 3066 c-15 -9 -33 -30 -42 -48 -48 -103 -147 -355 -147 -375 0 -98 131 -148 192 -74 13 15 57 108 97 206 80 196 84 226 37 273 -30 30 -99 39 -137 18z\"\/><path d=\"M583 2784 c-38 -19 -67 -74 -58 -113 9 -42 211 -354 242 -373 16 -10 45 -18 66 -18 51 0 107 52 107 100 0 39 -1 41 -124 234 -80 126 -108 162 -133 173 -41 17 -61 16 -100 -3z\"\/><path d=\"M4250 2784 c-14 -9 -74 -91 -133 -183 -95 -150 -107 -173 -107 -213 0 -55 33 -94 87 -104 67 -13 90 8 211 198 130 202 137 225 78 284 -27 27 -42 34 -72 34 -22 0 -50 -8 -64 -16z\"\/><path d=\"M2275 2693 c-553 -48 -1095 -270 -1585 -649 -135 -104 -459 -423 -483 -476 -23 -49 -22 -139 2 -186 73 -142 361 -457 571 -626 285 -228 642 -407 990 -497 242 -63 336 -73 660 -74 310 0 370 5 595 52 535 111 1045 392 1455 803 122 121 250 273 275 326 19 41 19 137 0 174 -41 79 -309 363 -465 492 -447 370 -946 591 -1479 653 -113 14 -422 18 -536 8z m395 -428 c171 -34 330 -124 456 -258 112 -119 167 -219 211 -378 27 -96 24 -300 -5 -401 -72 -255 -236 -447 -474 -557 -132 -62 -201 -76 -368 -76 -167 0 -236 14 -368 76 -213 98 -373 271 -451 485 -162 444 86 934 547 1084 153 49 292 57 452 25z m909 -232 c222 -123 408 -262 593 -441 76 -74 138 -139 138 -144 0 -16 -233 -242 -330 -319 -155 -123 -309 -223 -461 -299 l-81 -41 32 46 c18 26 49 83 70 128 143 306 141 649 -6 957 -25 52 -61 116 -79 142 l-34 47 45 -20 c26 -10 76 -36 113 -56z m-2057 25 c-40 -58 -105 -190 -130 -263 -110 -324 -59 -707 132 -981 25 -35 42 -64 37 -64 -19 0 -241 119 -326 174 -188 122 -406 314 -532 468 l-58 71 108 103 c185 178 428 349 672 473 66 33 121 60 123 61 2 0 -10 -19 -26 -42z\"\/><path d=\"M2375 1950 c-198 -44 -350 -190 -395 -379 -18 -76 -8 -221 19 -290 114 -284 457 -406 731 -260 98 52 188 154 231 260 27 69 37 214 19 290 -38 163 -166 304 -326 360 -67 23 -215 33 -279 19z\"\/><\/g><\/svg><\/i> <img decoding=\"async\" width=\"16\" height=\"16\" alt=\"Loading\" src=\"https:\/\/parroquiadesantafe.es\/wp-content\/plugins\/page-views-count\/ajax-loader-2x.gif\" border=0 \/><\/p>\n<div class=\"pvc_clear\"><\/div>\n","protected":false},"author":2,"featured_media":0,"parent":0,"menu_order":0,"comment_status":"closed","ping_status":"closed","template":"","meta":{"_uag_custom_page_level_css":"","site-sidebar-layout":"default","site-content-layout":"","ast-site-content-layout":"default","site-content-style":"default","site-sidebar-style":"default","ast-global-header-display":"","ast-banner-title-visibility":"","ast-main-header-display":"","ast-hfb-above-header-display":"","ast-hfb-below-header-display":"","ast-hfb-mobile-header-display":"","site-post-title":"","ast-breadcrumbs-content":"","ast-featured-img":"","footer-sml-layout":"","theme-transparent-header-meta":"","adv-header-id-meta":"","stick-header-meta":"","header-above-stick-meta":"","header-main-stick-meta":"","header-below-stick-meta":"","astra-migrate-meta-layouts":"set","ast-page-background-enabled":"default","ast-page-background-meta":{"desktop":{"background-color":"var(--ast-global-color-4)","background-image":"","background-repeat":"repeat","background-position":"center center","background-size":"auto","background-attachment":"scroll","background-type":"","background-media":"","overlay-type":"","overlay-color":"","overlay-opacity":"","overlay-gradient":""},"tablet":{"background-color":"","background-image":"","background-repeat":"repeat","background-position":"center center","background-size":"auto","background-attachment":"scroll","background-type":"","background-media":"","overlay-type":"","overlay-color":"","overlay-opacity":"","overlay-gradient":""},"mobile":{"background-color":"","background-image":"","background-repeat":"repeat","background-position":"center center","background-size":"auto","background-attachment":"scroll","background-type":"","background-media":"","overlay-type":"","overlay-color":"","overlay-opacity":"","overlay-gradient":""}},"ast-content-background-meta":{"desktop":{"background-color":"var(--ast-global-color-5)","background-image":"","background-repeat":"repeat","background-position":"center center","background-size":"auto","background-attachment":"scroll","background-type":"","background-media":"","overlay-type":"","overlay-color":"","overlay-opacity":"","overlay-gradient":""},"tablet":{"background-color":"var(--ast-global-color-5)","background-image":"","background-repeat":"repeat","background-position":"center center","background-size":"auto","background-attachment":"scroll","background-type":"","background-media":"","overlay-type":"","overlay-color":"","overlay-opacity":"","overlay-gradient":""},"mobile":{"background-color":"var(--ast-global-color-5)","background-image":"","background-repeat":"repeat","background-position":"center center","background-size":"auto","background-attachment":"scroll","background-type":"","background-media":"","overlay-type":"","overlay-color":"","overlay-opacity":"","overlay-gradient":""}},"footnotes":""},"class_list":["post-395","page","type-page","status-publish","hentry"],"uagb_featured_image_src":{"full":false,"thumbnail":false,"medium":false,"medium_large":false,"large":false,"1536x1536":false,"2048x2048":false},"uagb_author_info":{"display_name":"Parroquia Santa Fe Granada","author_link":"https:\/\/parroquiadesantafe.es\/?author=2"},"uagb_comment_info":0,"uagb_excerpt":"Est\u00e1 declarada Monumento Hist\u00f3rico Art\u00edstico de car\u00e1cter nacional. \u00a0La IGLESIA PARROQUIAL de Nuestra Se\u00f1ora de la Encarnaci\u00f3n, fue construida en el siglo XVIII con estilo neocl\u00e1sico, en el mismo lugar que ocupaba el primitivo templo levantado por los Reyes Cat\u00f3licos y que fue destruido por un terremoto. Destaca la iglesia parroquial (1774), de estilo neocl\u00e1sico.&hellip;","_links":{"self":[{"href":"https:\/\/parroquiadesantafe.es\/index.php?rest_route=\/wp\/v2\/pages\/395","targetHints":{"allow":["GET"]}}],"collection":[{"href":"https:\/\/parroquiadesantafe.es\/index.php?rest_route=\/wp\/v2\/pages"}],"about":[{"href":"https:\/\/parroquiadesantafe.es\/index.php?rest_route=\/wp\/v2\/types\/page"}],"author":[{"embeddable":true,"href":"https:\/\/parroquiadesantafe.es\/index.php?rest_route=\/wp\/v2\/users\/2"}],"replies":[{"embeddable":true,"href":"https:\/\/parroquiadesantafe.es\/index.php?rest_route=%2Fwp%2Fv2%2Fcomments&post=395"}],"version-history":[{"count":78,"href":"https:\/\/parroquiadesantafe.es\/index.php?rest_route=\/wp\/v2\/pages\/395\/revisions"}],"predecessor-version":[{"id":1742,"href":"https:\/\/parroquiadesantafe.es\/index.php?rest_route=\/wp\/v2\/pages\/395\/revisions\/1742"}],"wp:attachment":[{"href":"https:\/\/parroquiadesantafe.es\/index.php?rest_route=%2Fwp%2Fv2%2Fmedia&parent=395"}],"curies":[{"name":"wp","href":"https:\/\/api.w.org\/{rel}","templated":true}]}}