{"id":1774,"date":"2026-05-16T17:30:45","date_gmt":"2026-05-16T16:30:45","guid":{"rendered":"https:\/\/parroquiadesantafe.es\/?page_id=1774"},"modified":"2026-05-16T17:30:45","modified_gmt":"2026-05-16T16:30:45","slug":"iglesia-parroquial","status":"publish","type":"page","link":"https:\/\/parroquiadesantafe.es\/?page_id=1774","title":{"rendered":"Iglesia Parroquial"},"content":{"rendered":"\n<figure class=\"wp-block-audio\"><audio controls src=\"https:\/\/parroquiadesantafe.es\/wp-content\/uploads\/2023\/06\/parroquia-estilo.mp3\"><\/audio><\/figure>\n\n\n\n<div class=\"wp-block-columns is-layout-flex wp-container-core-columns-is-layout-28f84493 wp-block-columns-is-layout-flex\">\n<div class=\"wp-block-column is-layout-flow wp-block-column-is-layout-flow\">\n<p class=\"has-text-align-left\">Est\u00e1 declarada Monumento Hist\u00f3rico Art\u00edstico de car\u00e1cter nacional.<\/p>\n\n\n\n<p class=\"has-text-align-left\">&nbsp;La IGLESIA PARROQUIAL de Nuestra Se\u00f1ora de la Encarnaci\u00f3n, fue construida en el siglo XVIII con estilo neocl\u00e1sico, en el mismo lugar que ocupaba el primitivo templo levantado por los Reyes Cat\u00f3licos y que fue destruido por un terremoto.<\/p>\n\n\n\n<p class=\"has-text-align-left\">Destaca la iglesia parroquial (1774), de estilo neocl\u00e1sico. Dise\u00f1ada por el arquitecto espa\u00f1ol Ventura Rodr\u00edguez y realizada por el disc\u00edpulo de \u00e9ste, Antonio Lois Monteagudo, Arquitecto de la Real Academia de San Fernando.<\/p>\n\n\n\n<p class=\"has-text-align-left\">Portada principal adintelada, con cuatro columnas d\u00f3ricas sobre plintos y entre ellos nichos con esculturas de Isabel y Fernando. En los extremos, correspondiendo a las naves laterales, ventanas adinteladas con entablamento peque\u00f1o y \u00f3culo superior. Entablamento y front\u00f3n triangular con escudo en el t\u00edmpano y gran figura de la Fe tras el v\u00e9rtice superior. Sobre los frontispicios arrancan pilastras, que dar\u00e1n la altura al basamento de las torres situadas sobre las naves extremas. Constan de un cuerpo separado del de campanas. Veleta y cruz de hierro.<\/p>\n\n\n\n<p class=\"has-text-align-left\">De estilo neocl\u00e1sico, la planta es de cruz latina inscrita, por lo que las naves laterales se prolongan un tramo m\u00e1s all\u00e1 del transepto.<\/p>\n<\/div>\n\n\n\n<div class=\"wp-block-column is-layout-flow wp-block-column-is-layout-flow\">\n<figure class=\"wp-block-image size-full\"><img fetchpriority=\"high\" decoding=\"async\" width=\"662\" height=\"719\" src=\"https:\/\/parroquiadesantafe.es\/wp-content\/uploads\/2023\/06\/iglesia2.png\" alt=\"\" class=\"wp-image-356\" style=\"aspect-ratio:0.9207406420674038\" srcset=\"https:\/\/parroquiadesantafe.es\/wp-content\/uploads\/2023\/06\/iglesia2.png 662w, https:\/\/parroquiadesantafe.es\/wp-content\/uploads\/2023\/06\/iglesia2-276x300.png 276w\" sizes=\"(max-width: 662px) 100vw, 662px\" \/><\/figure>\n<\/div>\n<\/div>\n\n\n\n<figure class=\"wp-block-video aligncenter\"><video height=\"720\" style=\"aspect-ratio: 1280 \/ 720;\" width=\"1280\" controls src=\"https:\/\/parroquiadesantafe.es\/wp-content\/uploads\/2023\/06\/Iglesia-Parroquial-de-la-Encarnacion-de-Santa-Fe-Granada.mp4\"><\/video><\/figure>\n\n\n\n<p>La nave central se cubre con b\u00f3veda de ca\u00f1\u00f3n con arcos fajones, mientras que las laterales, m\u00e1s bajas, lo hacen con peque\u00f1as c\u00fapulas rebajadas; tambi\u00e9n ser\u00e1 rebajada la gran c\u00fapula con linterna que se sit\u00faa en el centro del crucero, con cupul\u00edn. Capilla mayor del mismo ancho de la nave central y con igual cubierta.<\/p>\n\n\n\n<p>Capilla del Sagrario, en la misma Iglesia, semicircular, con cuatro grandes columnas d\u00f3ricas adosadas elevadas sobre basamentos. Medios puntos entre ellos, mayor el central. Tabern\u00e1culo de planta poligonal con columnillas d\u00f3ricas que sostienen entablamento, sobre el que se eleva media naranja gallonada. En la misma Plaza, al lado sur de la Iglesia, est\u00e1 la actual CASA RECTORAL, que nada conserva de su estructura original de cuando fue Casa Real de los Reyes Cat\u00f3licos.<\/p>\n\n\n\n<p><\/p>\n","protected":false},"excerpt":{"rendered":"<p>Est\u00e1 declarada Monumento Hist\u00f3rico Art\u00edstico de car\u00e1cter nacional. &nbsp;La IGLESIA PARROQUIAL de Nuestra Se\u00f1ora de la Encarnaci\u00f3n, fue construida en el siglo XVIII con estilo neocl\u00e1sico, en el mismo lugar que ocupaba el primitivo templo levantado por los Reyes Cat\u00f3licos y que fue destruido por un terremoto. Destaca la iglesia parroquial (1774), de estilo neocl\u00e1sico. [&hellip;]<\/p>\n","protected":false},"author":2,"featured_media":0,"parent":0,"menu_order":0,"comment_status":"closed","ping_status":"closed","template":"","meta":{"_uag_custom_page_level_css":"","site-sidebar-layout":"default","site-content-layout":"","ast-site-content-layout":"default","site-content-style":"default","site-sidebar-style":"default","ast-global-header-display":"","ast-banner-title-visibility":"","ast-main-header-display":"","ast-hfb-above-header-display":"","ast-hfb-below-header-display":"","ast-hfb-mobile-header-display":"","site-post-title":"","ast-breadcrumbs-content":"","ast-featured-img":"","footer-sml-layout":"","ast-disable-related-posts":"","theme-transparent-header-meta":"","adv-header-id-meta":"","stick-header-meta":"","header-above-stick-meta":"","header-main-stick-meta":"","header-below-stick-meta":"","astra-migrate-meta-layouts":"set","ast-page-background-enabled":"default","ast-page-background-meta":{"desktop":{"background-color":"var(--ast-global-color-4)","background-image":"","background-repeat":"repeat","background-position":"center center","background-size":"auto","background-attachment":"scroll","background-type":"","background-media":"","overlay-type":"","overlay-color":"","overlay-opacity":"","overlay-gradient":""},"tablet":{"background-color":"","background-image":"","background-repeat":"repeat","background-position":"center center","background-size":"auto","background-attachment":"scroll","background-type":"","background-media":"","overlay-type":"","overlay-color":"","overlay-opacity":"","overlay-gradient":""},"mobile":{"background-color":"","background-image":"","background-repeat":"repeat","background-position":"center center","background-size":"auto","background-attachment":"scroll","background-type":"","background-media":"","overlay-type":"","overlay-color":"","overlay-opacity":"","overlay-gradient":""}},"ast-content-background-meta":{"desktop":{"background-color":"var(--ast-global-color-5)","background-image":"","background-repeat":"repeat","background-position":"center center","background-size":"auto","background-attachment":"scroll","background-type":"","background-media":"","overlay-type":"","overlay-color":"","overlay-opacity":"","overlay-gradient":""},"tablet":{"background-color":"var(--ast-global-color-5)","background-image":"","background-repeat":"repeat","background-position":"center center","background-size":"auto","background-attachment":"scroll","background-type":"","background-media":"","overlay-type":"","overlay-color":"","overlay-opacity":"","overlay-gradient":""},"mobile":{"background-color":"var(--ast-global-color-5)","background-image":"","background-repeat":"repeat","background-position":"center center","background-size":"auto","background-attachment":"scroll","background-type":"","background-media":"","overlay-type":"","overlay-color":"","overlay-opacity":"","overlay-gradient":""}},"footnotes":""},"class_list":["post-1774","page","type-page","status-publish","hentry"],"uagb_featured_image_src":{"full":false,"thumbnail":false,"medium":false,"medium_large":false,"large":false,"1536x1536":false,"2048x2048":false},"uagb_author_info":{"display_name":"Parroquia Santa Fe Granada","author_link":"https:\/\/parroquiadesantafe.es\/?author=2"},"uagb_comment_info":0,"uagb_excerpt":"Est\u00e1 declarada Monumento Hist\u00f3rico Art\u00edstico de car\u00e1cter nacional. &nbsp;La IGLESIA PARROQUIAL de Nuestra Se\u00f1ora de la Encarnaci\u00f3n, fue construida en el siglo XVIII con estilo neocl\u00e1sico, en el mismo lugar que ocupaba el primitivo templo levantado por los Reyes Cat\u00f3licos y que fue destruido por un terremoto. Destaca la iglesia parroquial (1774), de estilo neocl\u00e1sico.&hellip;","_links":{"self":[{"href":"https:\/\/parroquiadesantafe.es\/index.php?rest_route=\/wp\/v2\/pages\/1774","targetHints":{"allow":["GET"]}}],"collection":[{"href":"https:\/\/parroquiadesantafe.es\/index.php?rest_route=\/wp\/v2\/pages"}],"about":[{"href":"https:\/\/parroquiadesantafe.es\/index.php?rest_route=\/wp\/v2\/types\/page"}],"author":[{"embeddable":true,"href":"https:\/\/parroquiadesantafe.es\/index.php?rest_route=\/wp\/v2\/users\/2"}],"replies":[{"embeddable":true,"href":"https:\/\/parroquiadesantafe.es\/index.php?rest_route=%2Fwp%2Fv2%2Fcomments&post=1774"}],"version-history":[{"count":3,"href":"https:\/\/parroquiadesantafe.es\/index.php?rest_route=\/wp\/v2\/pages\/1774\/revisions"}],"predecessor-version":[{"id":1777,"href":"https:\/\/parroquiadesantafe.es\/index.php?rest_route=\/wp\/v2\/pages\/1774\/revisions\/1777"}],"wp:attachment":[{"href":"https:\/\/parroquiadesantafe.es\/index.php?rest_route=%2Fwp%2Fv2%2Fmedia&parent=1774"}],"curies":[{"name":"wp","href":"https:\/\/api.w.org\/{rel}","templated":true}]}}